{"id":7053,"date":"2021-04-22T17:32:01","date_gmt":"2021-04-22T17:32:01","guid":{"rendered":"http:\/\/localhost\/meg\/shareblog\/?page_id=7053"},"modified":"2025-02-06T15:22:49","modified_gmt":"2025-02-06T15:22:49","slug":"contato","status":"publish","type":"page","link":"https:\/\/datas.mg.gov.br\/site\/contato\/","title":{"rendered":"Contato"},"content":{"rendered":"\t\t<div data-elementor-type=\"wp-page\" data-elementor-id=\"7053\" class=\"elementor elementor-7053\">\n\t\t\t\t\t\t<section class=\"elementor-section elementor-top-section elementor-element elementor-element-44c23b4e elementor-section-height-min-height elementor-section-content-middle elementor-section-boxed elementor-section-height-default elementor-section-items-middle\" data-id=\"44c23b4e\" data-element_type=\"section\">\n\t\t\t\t\t\t<div class=\"elementor-container elementor-column-gap-no\">\n\t\t\t\t\t<div class=\"elementor-column elementor-col-100 elementor-top-column elementor-element elementor-element-76576dba\" data-id=\"76576dba\" data-element_type=\"column\">\n\t\t\t<div class=\"elementor-widget-wrap elementor-element-populated\">\n\t\t\t\t\t\t<section class=\"elementor-section elementor-inner-section elementor-element elementor-element-67f732f elementor-section-height-min-height elementor-section-boxed elementor-section-height-default\" data-id=\"67f732f\" data-element_type=\"section\" data-settings=\"{&quot;background_background&quot;:&quot;classic&quot;}\">\n\t\t\t\t\t\t<div class=\"elementor-container elementor-column-gap-no\">\n\t\t\t\t\t<div class=\"elementor-column elementor-col-100 elementor-inner-column elementor-element elementor-element-6cb7bce\" data-id=\"6cb7bce\" data-element_type=\"column\">\n\t\t\t<div class=\"elementor-widget-wrap elementor-element-populated\">\n\t\t\t\t\t\t<div class=\"elementor-element elementor-element-61a68ef elementor-widget elementor-widget-image\" data-id=\"61a68ef\" data-element_type=\"widget\" data-widget_type=\"image.default\">\n\t\t\t\t<div class=\"elementor-widget-container\">\n\t\t\t<style>\/*! elementor - v3.20.0 - 26-03-2024 *\/\n.elementor-widget-image{text-align:center}.elementor-widget-image a{display:inline-block}.elementor-widget-image a img[src$=\".svg\"]{width:48px}.elementor-widget-image img{vertical-align:middle;display:inline-block}<\/style>\t\t\t\t\t\t\t\t\t\t<img fetchpriority=\"high\" decoding=\"async\" width=\"1024\" height=\"329\" src=\"https:\/\/datas.mg.gov.br\/site\/wp-content\/uploads\/2025\/02\/faleconosco-20x6.png\" class=\"attachment-large size-large wp-image-13406 jl-lazyload lazyload\" alt=\"\" data-src=\"https:\/\/datas.mg.gov.br\/site\/wp-content\/uploads\/2025\/02\/faleconosco-1024x329.png\" srcset=\"https:\/\/datas.mg.gov.br\/site\/wp-content\/uploads\/2025\/02\/faleconosco-20x6.png 20w, https:\/\/datas.mg.gov.br\/site\/wp-content\/uploads\/2025\/02\/faleconosco-300x96.png 300w, https:\/\/datas.mg.gov.br\/site\/wp-content\/uploads\/2025\/02\/faleconosco-1024x329.png 1024w, https:\/\/datas.mg.gov.br\/site\/wp-content\/uploads\/2025\/02\/faleconosco-768x247.png 768w, https:\/\/datas.mg.gov.br\/site\/wp-content\/uploads\/2025\/02\/faleconosco-600x193.png 600w, https:\/\/datas.mg.gov.br\/site\/wp-content\/uploads\/2025\/02\/faleconosco.png 1056w\" sizes=\"(max-width: 1024px) 100vw, 1024px\" \/>\t\t\t\t\t\t\t\t\t\t\t\t\t<\/div>\n\t\t\t\t<\/div>\n\t\t\t\t\t<\/div>\n\t\t<\/div>\n\t\t\t\t\t<\/div>\n\t\t<\/section>\n\t\t\t\t\t<\/div>\n\t\t<\/div>\n\t\t\t\t\t<\/div>\n\t\t<\/section>\n\t\t\t\t<section class=\"elementor-section elementor-top-section elementor-element elementor-element-7ab05136 elementor-section-boxed elementor-section-height-default elementor-section-height-default\" data-id=\"7ab05136\" data-element_type=\"section\">\n\t\t\t\t\t\t<div class=\"elementor-container elementor-column-gap-no\">\n\t\t\t\t\t<div class=\"elementor-column elementor-col-50 elementor-top-column elementor-element elementor-element-486612\" data-id=\"486612\" data-element_type=\"column\">\n\t\t\t<div class=\"elementor-widget-wrap elementor-element-populated\">\n\t\t\t\t\t\t<div class=\"elementor-element elementor-element-453876c2 elementor-widget elementor-widget-wesper-section-title\" data-id=\"453876c2\" data-element_type=\"widget\" data-widget_type=\"wesper-section-title.default\">\n\t\t\t\t<div class=\"elementor-widget-container\">\n\t\t\t          <div class=\"jlcus_sec_title jl_sec_style8 jl_secf_title  no \">\n            <div class=\"jlcus_sect_inner\">\n                                    <h2 class=\"jl-heading-text\">            \n                        <span>\n                                                            \ud83d\udcde Fale Conosco                                                    <\/span>            \n                  <\/h2>\n                                    \n                              <\/div>                    \n                      <\/div>                    \n    \t\t<\/div>\n\t\t\t\t<\/div>\n\t\t\t\t<div class=\"elementor-element elementor-element-4c677fb1 elementor-widget elementor-widget-wesper-section-title\" data-id=\"4c677fb1\" data-element_type=\"widget\" data-widget_type=\"wesper-section-title.default\">\n\t\t\t\t<div class=\"elementor-widget-container\">\n\t\t\t          <div class=\"jlcus_sec_title jl_sec_style8 jl_secf_body  no \">\n            <div class=\"jlcus_sect_inner\">\n                                    <p class=\"jl-heading-text\">            \n                        <span>\n                                                            Tem alguma d\u00favida, sugest\u00e3o ou solicita\u00e7\u00e3o? A Prefeitura Municipal de Datas est\u00e1 \u00e0 disposi\u00e7\u00e3o para atender voc\u00ea! Entre em contato conosco pelos canais abaixo e teremos o prazer em ajudar.    Voc\u00ea tamb\u00e9m pode enviar sua mensagem atrav\u00e9s do formul\u00e1rio abaixo. Retornaremos o mais breve poss\u00edvel! \ud83d\udcac                                                    <\/span>            \n                  <\/p>\n                                    \n                              <\/div>                    \n                      <\/div>                    \n    \t\t<\/div>\n\t\t\t\t<\/div>\n\t\t\t\t<div class=\"elementor-element elementor-element-f3065de elementor-widget elementor-widget-wesper-section-title\" data-id=\"f3065de\" data-element_type=\"widget\" data-widget_type=\"wesper-section-title.default\">\n\t\t\t\t<div class=\"elementor-widget-container\">\n\t\t\t          <div class=\"jlcus_sec_title jl_sec_style8 jl_secf_title  no \">\n            <div class=\"jlcus_sect_inner\">\n                                    <h2 class=\"jl-heading-text\">            \n                        <span>\n                                                            Nossa localiza\u00e7\u00e3o                                                    <\/span>            \n                  <\/h2>\n                                    \n                              <\/div>                    \n                      <\/div>                    \n    \t\t<\/div>\n\t\t\t\t<\/div>\n\t\t\t\t<div class=\"elementor-element elementor-element-71ae1c79 elementor-widget elementor-widget-wesper-section-title\" data-id=\"71ae1c79\" data-element_type=\"widget\" data-widget_type=\"wesper-section-title.default\">\n\t\t\t\t<div class=\"elementor-widget-container\">\n\t\t\t          <div class=\"jlcus_sec_title jl_sec_style8 jl_secf_body  no \">\n            <div class=\"jlcus_sect_inner\">\n                                    <p class=\"jl-heading-text\">            \n                        <span>\n                                                            Pra\u00e7a Divino Espirito Santo, 10                                                    <\/span>            \n                  <\/p>\n                                    \n                              <\/div>                    \n                      <\/div>                    \n    \t\t<\/div>\n\t\t\t\t<\/div>\n\t\t\t\t<div class=\"elementor-element elementor-element-2940ffd1 elementor-widget elementor-widget-wesper-section-title\" data-id=\"2940ffd1\" data-element_type=\"widget\" data-widget_type=\"wesper-section-title.default\">\n\t\t\t\t<div class=\"elementor-widget-container\">\n\t\t\t          <div class=\"jlcus_sec_title jl_sec_style8 jl_secf_body  no \">\n            <div class=\"jlcus_sect_inner\">\n                                    <p class=\"jl-heading-text\">            \n                        <span>\n                                                            ouvidoria@datas.mg.gov.br                                                    <\/span>            \n                  <\/p>\n                                    \n                              <\/div>                    \n                      <\/div>                    \n    \t\t<\/div>\n\t\t\t\t<\/div>\n\t\t\t\t<div class=\"elementor-element elementor-element-4d8c8ce8 elementor-widget elementor-widget-wesper-section-title\" data-id=\"4d8c8ce8\" data-element_type=\"widget\" data-widget_type=\"wesper-section-title.default\">\n\t\t\t\t<div class=\"elementor-widget-container\">\n\t\t\t          <div class=\"jlcus_sec_title jl_sec_style8 jl_secf_body  no \">\n            <div class=\"jlcus_sect_inner\">\n                                    <p class=\"jl-heading-text\">            \n                        <span>\n                                                            38 3415 0370                                                    <\/span>            \n                  <\/p>\n                                    \n                              <\/div>                    \n                      <\/div>                    \n    \t\t<\/div>\n\t\t\t\t<\/div>\n\t\t\t\t\t<\/div>\n\t\t<\/div>\n\t\t\t\t<div class=\"elementor-column elementor-col-50 elementor-top-column elementor-element elementor-element-4b9a9234\" data-id=\"4b9a9234\" data-element_type=\"column\">\n\t\t\t<div class=\"elementor-widget-wrap elementor-element-populated\">\n\t\t\t\t\t\t<div class=\"elementor-element elementor-element-7bfed9f6 elementor-widget elementor-widget-wp-widget-wesper_c7\" data-id=\"7bfed9f6\" data-element_type=\"widget\" data-widget_type=\"wp-widget-wesper_c7.default\">\n\t\t\t\t<div class=\"elementor-widget-container\">\n\t\t\t<div class=\"widget_jl_wrapper jl-cf7-wrapper\">\r\n        <div class=\"jl-contact-form-7\">\r\n\t\t\n<div class=\"wpcf7 no-js\" id=\"wpcf7-f6757-o1\" lang=\"en-US\" dir=\"ltr\">\n<div class=\"screen-reader-response\"><p role=\"status\" aria-live=\"polite\" aria-atomic=\"true\"><\/p> <ul><\/ul><\/div>\n<form action=\"\/site\/wp-json\/wp\/v2\/pages\/7053#wpcf7-f6757-o1\" method=\"post\" class=\"wpcf7-form init\" aria-label=\"Contact form\" novalidate=\"novalidate\" data-status=\"init\">\n<div style=\"display: none;\">\n<input type=\"hidden\" name=\"_wpcf7\" value=\"6757\" \/>\n<input type=\"hidden\" name=\"_wpcf7_version\" value=\"5.9.3\" \/>\n<input type=\"hidden\" name=\"_wpcf7_locale\" value=\"en_US\" \/>\n<input type=\"hidden\" name=\"_wpcf7_unit_tag\" value=\"wpcf7-f6757-o1\" \/>\n<input type=\"hidden\" name=\"_wpcf7_container_post\" value=\"0\" \/>\n<input type=\"hidden\" name=\"_wpcf7_posted_data_hash\" value=\"\" \/>\n<\/div>\n<span class=\"wpcf7-form-control-wrap\" data-name=\"your-name\"><input size=\"40\" class=\"wpcf7-form-control wpcf7-text wpcf7-validates-as-required\" aria-required=\"true\" aria-invalid=\"false\" placeholder=\"Nome\" value=\"\" type=\"text\" name=\"your-name\" \/><\/span>\n<span class=\"wpcf7-form-control-wrap\" data-name=\"your-email\"><input size=\"40\" class=\"wpcf7-form-control wpcf7-email wpcf7-validates-as-required wpcf7-text wpcf7-validates-as-email\" aria-required=\"true\" aria-invalid=\"false\" placeholder=\"E-mail\" value=\"\" type=\"email\" name=\"your-email\" \/><\/span>\n<span class=\"wpcf7-form-control-wrap\" data-name=\"your-message\"><textarea cols=\"40\" rows=\"10\" class=\"wpcf7-form-control wpcf7-textarea\" aria-invalid=\"false\" placeholder=\"Mensagem (optional)\" name=\"your-message\"><\/textarea><\/span>\n<input class=\"wpcf7-form-control wpcf7-submit has-spinner\" type=\"submit\" value=\"Enviar\" \/><div class=\"wpcf7-response-output\" aria-hidden=\"true\"><\/div>\n<\/form>\n<\/div>\n\t<\/div>\r\n    <\/div>\t\t<\/div>\n\t\t\t\t<\/div>\n\t\t\t\t\t<\/div>\n\t\t<\/div>\n\t\t\t\t\t<\/div>\n\t\t<\/section>\n\t\t\t\t<section class=\"elementor-section elementor-top-section elementor-element elementor-element-62799d1 elementor-section-boxed elementor-section-height-default elementor-section-height-default\" data-id=\"62799d1\" data-element_type=\"section\">\n\t\t\t\t\t\t<div class=\"elementor-container elementor-column-gap-default\">\n\t\t\t\t\t<div class=\"elementor-column elementor-col-100 elementor-top-column elementor-element elementor-element-4f61f70\" data-id=\"4f61f70\" data-element_type=\"column\">\n\t\t\t<div class=\"elementor-widget-wrap\">\n\t\t\t\t\t\t\t<\/div>\n\t\t<\/div>\n\t\t\t\t\t<\/div>\n\t\t<\/section>\n\t\t\t\t<\/div>\n\t\t","protected":false},"excerpt":{"rendered":"<p>? Fale Conosco Tem alguma d\u00favida, sugest\u00e3o ou solicita\u00e7\u00e3o? A Prefeitura Municipal de Datas est\u00e1 \u00e0 disposi\u00e7\u00e3o para atender voc\u00ea! Entre em contato conosco pelos canais abaixo e teremos o prazer em ajudar. Voc\u00ea tamb\u00e9m pode enviar sua mensagem atrav\u00e9s do formul\u00e1rio abaixo. Retornaremos o mais breve poss\u00edvel! ? Nossa localiza\u00e7\u00e3o Pra\u00e7a Divino Espirito Santo, [&hellip;]<\/p>\n","protected":false},"author":1,"featured_media":0,"parent":0,"menu_order":0,"comment_status":"closed","ping_status":"closed","template":"home-page-builder.php","meta":{"footnotes":""},"class_list":["post-7053","page","type-page","status-publish","hentry"],"_links":{"self":[{"href":"https:\/\/datas.mg.gov.br\/site\/wp-json\/wp\/v2\/pages\/7053","targetHints":{"allow":["GET"]}}],"collection":[{"href":"https:\/\/datas.mg.gov.br\/site\/wp-json\/wp\/v2\/pages"}],"about":[{"href":"https:\/\/datas.mg.gov.br\/site\/wp-json\/wp\/v2\/types\/page"}],"author":[{"embeddable":true,"href":"https:\/\/datas.mg.gov.br\/site\/wp-json\/wp\/v2\/users\/1"}],"replies":[{"embeddable":true,"href":"https:\/\/datas.mg.gov.br\/site\/wp-json\/wp\/v2\/comments?post=7053"}],"version-history":[{"count":10,"href":"https:\/\/datas.mg.gov.br\/site\/wp-json\/wp\/v2\/pages\/7053\/revisions"}],"predecessor-version":[{"id":13409,"href":"https:\/\/datas.mg.gov.br\/site\/wp-json\/wp\/v2\/pages\/7053\/revisions\/13409"}],"wp:attachment":[{"href":"https:\/\/datas.mg.gov.br\/site\/wp-json\/wp\/v2\/media?parent=7053"}],"curies":[{"name":"wp","href":"https:\/\/api.w.org\/{rel}","templated":true}]}}