{"id":18,"date":"2023-07-19T05:34:33","date_gmt":"2023-07-19T05:34:33","guid":{"rendered":"https:\/\/noticias.webunitystudio.site\/modelo22\/?page_id=18"},"modified":"2025-02-06T15:07:02","modified_gmt":"2025-02-06T15:07:02","slug":"termos-de-uso","status":"publish","type":"page","link":"https:\/\/datas.mg.gov.br\/site\/termos-de-uso\/","title":{"rendered":"Termos de Uso"},"content":{"rendered":"\t\t<div data-elementor-type=\"wp-page\" data-elementor-id=\"18\" class=\"elementor elementor-18\">\n\t\t\t\t\t\t<section class=\"elementor-section elementor-top-section elementor-element elementor-element-bbf4759 elementor-section-boxed elementor-section-height-default elementor-section-height-default\" data-id=\"bbf4759\" data-element_type=\"section\">\n\t\t\t\t\t\t<div class=\"elementor-container elementor-column-gap-default\">\n\t\t\t\t\t<div class=\"elementor-column elementor-col-100 elementor-top-column elementor-element elementor-element-2154fe3\" data-id=\"2154fe3\" data-element_type=\"column\">\n\t\t\t<div class=\"elementor-widget-wrap elementor-element-populated\">\n\t\t\t\t\t\t<div class=\"elementor-element elementor-element-e303bb9 elementor-widget elementor-widget-html\" data-id=\"e303bb9\" data-element_type=\"widget\" data-widget_type=\"html.default\">\n\t\t\t\t<div class=\"elementor-widget-container\">\n\t\t\t<!DOCTYPE html>\n<html lang=\"en\">\n<head>\n  <meta charset=\"UTF-8\">\n  <meta name=\"viewport\" content=\"width=device-width, initial-scale=1.0\">\n  <title>Termos de Servi\u00e7o<\/title>\n  <style>\n    body {\n      font-family: Arial, sans-serif;\n      line-height: 1.6;\n      margin: 0;\n      padding: 0;\n      background-color: #f9f9f9;\n      color: #333;\n    }\n\n    .container {\n      max-width: 800px;\n      margin: 0 auto;\n      padding: 20px;\n    }\n\n    h1 {\n      text-align: center;\n      margin-bottom: 30px;\n    }\n\n    .info-card {\n      opacity: 0;\n      transform: translateY(20px);\n      transition: opacity 0.6s ease, transform 0.6s ease;\n      margin-bottom: 20px;\n      background: #fff;\n      padding: 20px;\n      border-radius: 8px;\n      box-shadow: 0 4px 6px rgba(0, 0, 0, 0.1);\n      text-align: justify;\n    }\n\n    .info-card.visible {\n      opacity: 1;\n      transform: translateY(0);\n    }\n  <\/style>\n<\/head>\n<body>\n  <div class=\"container\">\n    <div class=\"info-card\">\n      <h1>Termos de Servi\u00e7o<\/h1>\n      <h2>1. Termos<\/h2>\n      <p>Ao acessar o site <strong>datas.mg.gov.br\/site<\/strong>, voc\u00ea concorda em cumprir estes termos de servi\u00e7o, todas as leis e regulamentos aplic\u00e1veis \u200b\u200be concorda que \u00e9 respons\u00e1vel pelo cumprimento de todas as leis locais aplic\u00e1veis. Se n\u00e3o concordar com algum desses termos, est\u00e1 proibido de usar ou acessar este site.<\/p>\n      <h2>2. Uso de Licen\u00e7a<\/h2>\n      <p>\u00c9 concedida permiss\u00e3o para baixar temporariamente uma c\u00f3pia dos materiais do site apenas para visualiza\u00e7\u00e3o pessoal e n\u00e3o comercial. Esta \u00e9 a concess\u00e3o de uma licen\u00e7a, n\u00e3o uma transfer\u00eancia de t\u00edtulo, e sob esta licen\u00e7a, voc\u00ea n\u00e3o pode:<\/p>\n      <ul>\n        <li>Modificar ou copiar os materiais;<\/li>\n        <li>Usar os materiais para qualquer finalidade comercial ou exibi\u00e7\u00e3o p\u00fablica;<\/li>\n        <li>Tentar descompilar ou fazer engenharia reversa de qualquer software contido no site;<\/li>\n        <li>Remover quaisquer direitos autorais ou outras nota\u00e7\u00f5es de propriedade;<\/li>\n        <li>Transferir os materiais para outra pessoa ou 'espelhar' os materiais em qualquer outro servidor.<\/li>\n      <\/ul>\n      <h2>3. Isen\u00e7\u00e3o de responsabilidade<\/h2>\n      <p>Os materiais no site s\u00e3o fornecidos \"como est\u00e3o\". <strong>datas.mg.gov.br\/site<\/strong> n\u00e3o oferece garantias e isenta-se de quaisquer garantias impl\u00edcitas ou condi\u00e7\u00f5es de comercializa\u00e7\u00e3o, adequa\u00e7\u00e3o a um fim espec\u00edfico ou n\u00e3o viola\u00e7\u00e3o de propriedade intelectual.<\/p>\n      <h2>4. Limita\u00e7\u00f5es<\/h2>\n      <p>Em nenhum caso o site ou seus fornecedores ser\u00e3o respons\u00e1veis por quaisquer danos decorrentes do uso ou da incapacidade de usar os materiais em <strong>datas.mg.gov.br\/site<\/strong>.<\/p>\n      <h2>5. Precis\u00e3o dos materiais<\/h2>\n      <p>Os materiais exibidos no site podem conter erros t\u00e9cnicos ou tipogr\u00e1ficos. <strong>datas.mg.gov.br\/site<\/strong> pode alterar os materiais a qualquer momento, sem aviso pr\u00e9vio.<\/p>\n      <h2>6. Links<\/h2>\n      <p>O site pode conter links para sites externos, pelos quais <strong>datas.mg.gov.br\/site<\/strong> n\u00e3o se responsabiliza quanto ao conte\u00fado ou pol\u00edticas de privacidade.<\/p>\n      <h2>Modifica\u00e7\u00f5es<\/h2>\n      <p><strong>datas.mg.gov.br\/site<\/strong> pode revisar estes termos de servi\u00e7o a qualquer momento, sem aviso pr\u00e9vio.<\/p>\n      <h2>Lei aplic\u00e1vel<\/h2>\n      <p>Estes termos s\u00e3o regidos pelas leis de <strong>datas.mg.gov.br\/site<\/strong> e voc\u00ea se submete \u00e0 jurisdi\u00e7\u00e3o exclusiva dos tribunais desta localidade.<\/p>\n    <\/div>\n  <\/div>\n\n  <script>\n    document.addEventListener('DOMContentLoaded', () => {\n      const infoCard = document.querySelector('.info-card');\n      \n      const observer = new IntersectionObserver(entries => {\n        entries.forEach(entry => {\n          if (entry.isIntersecting) {\n            entry.target.classList.add('visible');\n          }\n        });\n      }, { threshold: 0.1 });\n\n      observer.observe(infoCard);\n    });\n  <\/script>\n<\/body>\n<\/html>\n\t\t<\/div>\n\t\t\t\t<\/div>\n\t\t\t\t\t<\/div>\n\t\t<\/div>\n\t\t\t\t\t<\/div>\n\t\t<\/section>\n\t\t\t\t<\/div>\n\t\t","protected":false},"excerpt":{"rendered":"<p>Termos de Servi\u00e7o Termos de Servi\u00e7o 1. Termos Ao acessar o site datas.mg.gov.br\/site, voc\u00ea concorda em cumprir estes termos de servi\u00e7o, todas as leis e regulamentos aplic\u00e1veis \u200b\u200be concorda que \u00e9 respons\u00e1vel pelo cumprimento de todas as leis locais aplic\u00e1veis. Se n\u00e3o concordar com algum desses termos, est\u00e1 proibido de usar ou acessar este site. [&hellip;]<\/p>\n","protected":false},"author":1,"featured_media":0,"parent":0,"menu_order":0,"comment_status":"closed","ping_status":"closed","template":"","meta":{"footnotes":""},"class_list":["post-18","page","type-page","status-publish","hentry"],"_links":{"self":[{"href":"https:\/\/datas.mg.gov.br\/site\/wp-json\/wp\/v2\/pages\/18","targetHints":{"allow":["GET"]}}],"collection":[{"href":"https:\/\/datas.mg.gov.br\/site\/wp-json\/wp\/v2\/pages"}],"about":[{"href":"https:\/\/datas.mg.gov.br\/site\/wp-json\/wp\/v2\/types\/page"}],"author":[{"embeddable":true,"href":"https:\/\/datas.mg.gov.br\/site\/wp-json\/wp\/v2\/users\/1"}],"replies":[{"embeddable":true,"href":"https:\/\/datas.mg.gov.br\/site\/wp-json\/wp\/v2\/comments?post=18"}],"version-history":[{"count":6,"href":"https:\/\/datas.mg.gov.br\/site\/wp-json\/wp\/v2\/pages\/18\/revisions"}],"predecessor-version":[{"id":13400,"href":"https:\/\/datas.mg.gov.br\/site\/wp-json\/wp\/v2\/pages\/18\/revisions\/13400"}],"wp:attachment":[{"href":"https:\/\/datas.mg.gov.br\/site\/wp-json\/wp\/v2\/media?parent=18"}],"curies":[{"name":"wp","href":"https:\/\/api.w.org\/{rel}","templated":true}]}}