{"id":17,"date":"2023-07-19T05:34:28","date_gmt":"2023-07-19T05:34:28","guid":{"rendered":"https:\/\/noticias.webunitystudio.site\/modelo22\/?page_id=17"},"modified":"2025-02-06T15:00:58","modified_gmt":"2025-02-06T15:00:58","slug":"politica-de-privacidade","status":"publish","type":"page","link":"https:\/\/datas.mg.gov.br\/site\/politica-de-privacidade\/","title":{"rendered":"Pol\u00edtica de Privacidade"},"content":{"rendered":"\t\t<div data-elementor-type=\"wp-page\" data-elementor-id=\"17\" class=\"elementor elementor-17\">\n\t\t\t\t\t\t<section class=\"elementor-section elementor-top-section elementor-element elementor-element-6a074da elementor-section-boxed elementor-section-height-default elementor-section-height-default\" data-id=\"6a074da\" data-element_type=\"section\">\n\t\t\t\t\t\t<div class=\"elementor-container elementor-column-gap-default\">\n\t\t\t\t\t<div class=\"elementor-column elementor-col-100 elementor-top-column elementor-element elementor-element-9f10b87\" data-id=\"9f10b87\" data-element_type=\"column\">\n\t\t\t<div class=\"elementor-widget-wrap elementor-element-populated\">\n\t\t\t\t\t\t<div class=\"elementor-element elementor-element-e08c1a3 elementor-widget elementor-widget-html\" data-id=\"e08c1a3\" data-element_type=\"widget\" data-widget_type=\"html.default\">\n\t\t\t\t<div class=\"elementor-widget-container\">\n\t\t\t<!DOCTYPE html>\n<html lang=\"en\">\n<head>\n  <meta charset=\"UTF-8\">\n  <meta name=\"viewport\" content=\"width=device-width, initial-scale=1.0\">\n  <title>Pol\u00edtica de Privacidade<\/title>\n  <style>\n    body {\n      font-family: Arial, sans-serif;\n      line-height: 1.6;\n      margin: 0;\n      padding: 0;\n      background-color: #f9f9f9;\n      color: #333;\n    }\n\n    .container {\n      max-width: 800px;\n      margin: 0 auto;\n      padding: 20px;\n    }\n\n    h1 {\n      text-align: center;\n      margin-bottom: 30px;\n    }\n\n    .info-card {\n      opacity: 0;\n      transform: translateY(20px);\n      transition: opacity 0.6s ease, transform 0.6s ease;\n      margin-bottom: 20px;\n      background: #fff;\n      padding: 20px;\n      border-radius: 8px;\n      box-shadow: 0 4px 6px rgba(0, 0, 0, 0.1);\n      text-align: justify;\n    }\n\n    .info-card.visible {\n      opacity: 1;\n      transform: translateY(0);\n    }\n  <\/style>\n<\/head>\n<body>\n  <div class=\"container\">\n    <div class=\"info-card\">\n      <p>A sua privacidade \u00e9 importante para n\u00f3s. \u00c9 pol\u00edtica do <strong>datas.mg.gov.br\/site<\/strong> respeitar a sua privacidade em rela\u00e7\u00e3o a qualquer informa\u00e7\u00e3o sua que possamos coletar no site <strong>datas.mg.gov.br\/site<\/strong> e outros sites que possu\u00edmos e operamos.<\/p>\n      <p>Solicitamos informa\u00e7\u00f5es pessoais apenas quando realmente precisamos delas para lhe fornecer um servi\u00e7o. Fazemo-lo por meios justos e legais, com o seu conhecimento e consentimento. Tamb\u00e9m informamos por que estamos coletando e como ser\u00e1 usado.<\/p>\n      <p>Apenas retemos as informa\u00e7\u00f5es coletadas pelo tempo necess\u00e1rio para fornecer o servi\u00e7o solicitado. Quando armazenamos dados, protegemos dentro de meios comercialmente aceit\u00e1veis para evitar perdas e roubos, bem como acesso, divulga\u00e7\u00e3o, c\u00f3pia, uso ou modifica\u00e7\u00e3o n\u00e3o autorizados.<\/p>\n      <p>N\u00e3o compartilhamos informa\u00e7\u00f5es de identifica\u00e7\u00e3o pessoal publicamente ou com terceiros, exceto quando exigido por lei.<\/p>\n      <p>O nosso site pode ter links para sites externos que n\u00e3o s\u00e3o operados por n\u00f3s. Esteja ciente de que n\u00e3o temos controle sobre o conte\u00fado e pr\u00e1ticas desses sites e n\u00e3o podemos aceitar responsabilidade por suas respectivas pol\u00edticas de privacidade.<\/p>\n      <p>O uso continuado de nosso site ser\u00e1 considerado como aceita\u00e7\u00e3o de nossas pr\u00e1ticas em torno de privacidade e informa\u00e7\u00f5es pessoais.<\/p>\n      <h2>Compromisso do Usu\u00e1rio<\/h2>\n      <p>O usu\u00e1rio se compromete a fazer uso adequado dos conte\u00fados e da informa\u00e7\u00e3o que o <strong>datas.mg.gov.br\/site<\/strong> oferece no site e com car\u00e1ter enunciativo, mas n\u00e3o limitativo:<\/p>\n      <ul>\n        <li>N\u00e3o se envolver em atividades ilegais ou contr\u00e1rias \u00e0 boa f\u00e9 e \u00e0 ordem p\u00fablica;<\/li>\n        <li>N\u00e3o difundir propaganda ou conte\u00fado de natureza racista, xenof\u00f3bica, jogos de azar, pornografia ilegal, apologia ao terrorismo ou contra os direitos humanos;<\/li>\n        <li>N\u00e3o causar danos aos sistemas f\u00edsicos (hardwares) e l\u00f3gicos (softwares) do <strong>datas.mg.gov.br\/site<\/strong> e de seus fornecedores ou terceiros.<\/li>\n      <\/ul>\n      <h2>Mais informa\u00e7\u00f5es<\/h2>\n      <p>Esperemos que esteja esclarecido e, como mencionado anteriormente, se houver algo que voc\u00ea n\u00e3o tem certeza se precisa ou n\u00e3o, geralmente \u00e9 mais seguro deixar os cookies ativados, caso interaja com um dos recursos que voc\u00ea usa em nosso site.<\/p>\n      <p>Esta pol\u00edtica \u00e9 efetiva a partir de 19 de julho de 2023.<\/p>\n    <\/div>\n  <\/div>\n\n  <script>\n    document.addEventListener('DOMContentLoaded', () => {\n      const infoCard = document.querySelector('.info-card');\n      \n      const observer = new IntersectionObserver(entries => {\n        entries.forEach(entry => {\n          if (entry.isIntersecting) {\n            entry.target.classList.add('visible');\n          }\n        });\n      }, { threshold: 0.1 });\n\n      observer.observe(infoCard);\n    });\n  <\/script>\n<\/body>\n<\/html>\n\t\t<\/div>\n\t\t\t\t<\/div>\n\t\t\t\t\t<\/div>\n\t\t<\/div>\n\t\t\t\t\t<\/div>\n\t\t<\/section>\n\t\t\t\t<\/div>\n\t\t","protected":false},"excerpt":{"rendered":"<p>Pol\u00edtica de Privacidade A sua privacidade \u00e9 importante para n\u00f3s. \u00c9 pol\u00edtica do datas.mg.gov.br\/site respeitar a sua privacidade em rela\u00e7\u00e3o a qualquer informa\u00e7\u00e3o sua que possamos coletar no site datas.mg.gov.br\/site e outros sites que possu\u00edmos e operamos. Solicitamos informa\u00e7\u00f5es pessoais apenas quando realmente precisamos delas para lhe fornecer um servi\u00e7o. Fazemo-lo por meios justos e [&hellip;]<\/p>\n","protected":false},"author":1,"featured_media":0,"parent":0,"menu_order":0,"comment_status":"closed","ping_status":"closed","template":"","meta":{"footnotes":""},"class_list":["post-17","page","type-page","status-publish","hentry"],"_links":{"self":[{"href":"https:\/\/datas.mg.gov.br\/site\/wp-json\/wp\/v2\/pages\/17","targetHints":{"allow":["GET"]}}],"collection":[{"href":"https:\/\/datas.mg.gov.br\/site\/wp-json\/wp\/v2\/pages"}],"about":[{"href":"https:\/\/datas.mg.gov.br\/site\/wp-json\/wp\/v2\/types\/page"}],"author":[{"embeddable":true,"href":"https:\/\/datas.mg.gov.br\/site\/wp-json\/wp\/v2\/users\/1"}],"replies":[{"embeddable":true,"href":"https:\/\/datas.mg.gov.br\/site\/wp-json\/wp\/v2\/comments?post=17"}],"version-history":[{"count":6,"href":"https:\/\/datas.mg.gov.br\/site\/wp-json\/wp\/v2\/pages\/17\/revisions"}],"predecessor-version":[{"id":13391,"href":"https:\/\/datas.mg.gov.br\/site\/wp-json\/wp\/v2\/pages\/17\/revisions\/13391"}],"wp:attachment":[{"href":"https:\/\/datas.mg.gov.br\/site\/wp-json\/wp\/v2\/media?parent=17"}],"curies":[{"name":"wp","href":"https:\/\/api.w.org\/{rel}","templated":true}]}}