{"id":13001,"date":"2025-01-28T22:10:03","date_gmt":"2025-01-28T22:10:03","guid":{"rendered":"https:\/\/datas.mg.gov.br\/site\/?page_id=13001"},"modified":"2025-02-06T06:01:21","modified_gmt":"2025-02-06T06:01:21","slug":"o-vice-prefeito","status":"publish","type":"page","link":"https:\/\/datas.mg.gov.br\/site\/o-vice-prefeito\/","title":{"rendered":"O Vice-prefeito"},"content":{"rendered":"\t\t<div data-elementor-type=\"wp-page\" data-elementor-id=\"13001\" class=\"elementor elementor-13001\">\n\t\t\t\t\t\t<section class=\"elementor-section elementor-top-section elementor-element elementor-element-4a56e44 elementor-section-boxed elementor-section-height-default elementor-section-height-default\" data-id=\"4a56e44\" data-element_type=\"section\">\n\t\t\t\t\t\t<div class=\"elementor-container elementor-column-gap-default\">\n\t\t\t\t\t<div class=\"elementor-column elementor-col-66 elementor-top-column elementor-element elementor-element-2d867bb\" data-id=\"2d867bb\" data-element_type=\"column\">\n\t\t\t<div class=\"elementor-widget-wrap elementor-element-populated\">\n\t\t\t\t\t\t<div class=\"elementor-element elementor-element-b4154ae elementor-widget elementor-widget-html\" data-id=\"b4154ae\" data-element_type=\"widget\" data-widget_type=\"html.default\">\n\t\t\t\t<div class=\"elementor-widget-container\">\n\t\t\t<!DOCTYPE html>\n<html lang=\"en\">\n<head>\n  <meta charset=\"UTF-8\">\n  <meta name=\"viewport\" content=\"width=device-width, initial-scale=1.0\">\n  <title>Perfil do Vice-Prefeito<\/title>\n  <style>\n    body {\n      font-family: Arial, sans-serif;\n      line-height: 1.6;\n      margin: 0;\n      padding: 0;\n      background-color: #f9f9f9;\n      color: #333;\n    }\n\n    .container {\n      max-width: 800px;\n      margin: 0 auto;\n      padding: 20px;\n    }\n\n    h1 {\n      text-align: center;\n      margin-bottom: 30px;\n    }\n\n    .info-card {\n      display: flex;\n      flex-direction: column;\n      align-items: center;\n      opacity: 0;\n      transform: translateY(20px);\n      transition: opacity 0.6s ease, transform 0.6s ease;\n      margin-bottom: 20px;\n      background: #fff;\n      padding: 20px;\n      border-radius: 8px;\n      box-shadow: 0 4px 6px rgba(0, 0, 0, 0.1);\n      text-align: justify;\n    }\n\n    .info-card.visible {\n      opacity: 1;\n      transform: translateY(0);\n    }\n\n    .info-card img {\n      width: 150px;\n      height: auto;\n      border-radius: 8px;\n      margin-bottom: 20px;\n    }\n\n    .info-text {\n      text-align: justify;\n    }\n  <\/style>\n<\/head>\n<body>\n  <div class=\"container\">\n    <div class=\"info-card\">\n      <div class=\"info-text\">\n        <p><strong>Nome:<\/strong> Baltazar Glecio da Silva<\/p>\n        <p><strong>Cargo:<\/strong> Vice-Prefeito Municipal de Datas\/MG<\/p>\n        <p><strong>Endere\u00e7o:<\/strong> Pra\u00e7a do Divino Esp\u00edrito Santo, 10 - Centro<\/p>\n        <p><strong>CEP:<\/strong> 39-130-000 \u2013 DATAS \u2013 MG<\/p>\n        <p><strong>Telefone:<\/strong> (38) 3535-1121<\/p>\n        <p><strong>Biografia:<\/strong> Baltazar Glecio da Silva nasceu em Datas\/MG e sempre demonstrou comprometimento com o desenvolvimento da cidade. \u00c9 m\u00e9dico de profiss\u00e3o, e atuou em \u00f3rg\u00e3os como o IBGE e Banco Central. Foi vereador do munic\u00edpio, cargo que iniciou sua vida p\u00fablica.<\/p>\n        <p><strong>Carreira Pol\u00edtica:<\/strong> Antes de assumir o cargo de Vice-Prefeito, Baltazar Glecio desempenhou fun\u00e7\u00f5es de lideran\u00e7a na C\u00e2mara Municipal e participou de diversos projetos comunit\u00e1rios voltados ao progresso do munic\u00edpio.<\/p>\n        <p><strong>Atua\u00e7\u00e3o como Vice-Prefeito:<\/strong> Em sua gest\u00e3o, trabalha lado a lado com o prefeito Narlisson de Jesus Martins, contribuindo na formula\u00e7\u00e3o e execu\u00e7\u00e3o de pol\u00edticas p\u00fablicas para fortalecer a infraestrutura, a educa\u00e7\u00e3o e o bem-estar da popula\u00e7\u00e3o.<\/p>\n      <\/div>\n    <\/div>\n  <\/div>\n\n  <script>\n    document.addEventListener('DOMContentLoaded', () => {\n      const infoCard = document.querySelector('.info-card');\n\n      const observer = new IntersectionObserver(entries => {\n        entries.forEach(entry => {\n          if (entry.isIntersecting) {\n            entry.target.classList.add('visible');\n          }\n        });\n      }, { threshold: 0.1 });\n\n      observer.observe(infoCard);\n    });\n  <\/script>\n<\/body>\n<\/html>\n\t\t<\/div>\n\t\t\t\t<\/div>\n\t\t\t\t\t<\/div>\n\t\t<\/div>\n\t\t\t\t<div class=\"elementor-column elementor-col-33 elementor-top-column elementor-element elementor-element-6be5ae5\" data-id=\"6be5ae5\" data-element_type=\"column\">\n\t\t\t<div class=\"elementor-widget-wrap elementor-element-populated\">\n\t\t\t\t\t\t<div class=\"elementor-element elementor-element-28482ea elementor-absolute elementor-widget elementor-widget-image\" data-id=\"28482ea\" data-element_type=\"widget\" data-settings=\"{&quot;_position&quot;:&quot;absolute&quot;}\" data-widget_type=\"image.default\">\n\t\t\t\t<div class=\"elementor-widget-container\">\n\t\t\t<style>\/*! elementor - v3.20.0 - 26-03-2024 *\/\n.elementor-widget-image{text-align:center}.elementor-widget-image a{display:inline-block}.elementor-widget-image a img[src$=\".svg\"]{width:48px}.elementor-widget-image img{vertical-align:middle;display:inline-block}<\/style>\t\t\t\t\t\t\t\t\t\t<img decoding=\"async\" width=\"161\" height=\"225\" src=\"https:\/\/datas.mg.gov.br\/site\/wp-content\/uploads\/2025\/02\/baltazar-20x28.jpg\" class=\"attachment-large size-large wp-image-13229 jl-lazyload lazyload\" alt=\"\" data-src=\"https:\/\/datas.mg.gov.br\/site\/wp-content\/uploads\/2025\/02\/baltazar.jpg\" srcset=\"https:\/\/datas.mg.gov.br\/site\/wp-content\/uploads\/2025\/02\/baltazar-20x28.jpg 20w, https:\/\/datas.mg.gov.br\/site\/wp-content\/uploads\/2025\/02\/baltazar.jpg 161w\" sizes=\"(max-width: 161px) 100vw, 161px\" \/>\t\t\t\t\t\t\t\t\t\t\t\t\t<\/div>\n\t\t\t\t<\/div>\n\t\t\t\t\t<\/div>\n\t\t<\/div>\n\t\t\t\t\t<\/div>\n\t\t<\/section>\n\t\t\t\t<\/div>\n\t\t","protected":false},"excerpt":{"rendered":"<p>Perfil do Vice-Prefeito Nome: Baltazar Glecio da Silva Cargo: Vice-Prefeito Municipal de Datas\/MG Endere\u00e7o: Pra\u00e7a do Divino Esp\u00edrito Santo, 10 &#8211; Centro CEP: 39-130-000 \u2013 DATAS \u2013 MG Telefone: (38) 3535-1121 Biografia: Baltazar Glecio da Silva nasceu em Datas\/MG e sempre demonstrou comprometimento com o desenvolvimento da cidade. \u00c9 m\u00e9dico de profiss\u00e3o, e atuou em [&hellip;]<\/p>\n","protected":false},"author":2,"featured_media":0,"parent":0,"menu_order":0,"comment_status":"closed","ping_status":"closed","template":"","meta":{"footnotes":""},"class_list":["post-13001","page","type-page","status-publish","hentry"],"_links":{"self":[{"href":"https:\/\/datas.mg.gov.br\/site\/wp-json\/wp\/v2\/pages\/13001","targetHints":{"allow":["GET"]}}],"collection":[{"href":"https:\/\/datas.mg.gov.br\/site\/wp-json\/wp\/v2\/pages"}],"about":[{"href":"https:\/\/datas.mg.gov.br\/site\/wp-json\/wp\/v2\/types\/page"}],"author":[{"embeddable":true,"href":"https:\/\/datas.mg.gov.br\/site\/wp-json\/wp\/v2\/users\/2"}],"replies":[{"embeddable":true,"href":"https:\/\/datas.mg.gov.br\/site\/wp-json\/wp\/v2\/comments?post=13001"}],"version-history":[{"count":9,"href":"https:\/\/datas.mg.gov.br\/site\/wp-json\/wp\/v2\/pages\/13001\/revisions"}],"predecessor-version":[{"id":13263,"href":"https:\/\/datas.mg.gov.br\/site\/wp-json\/wp\/v2\/pages\/13001\/revisions\/13263"}],"wp:attachment":[{"href":"https:\/\/datas.mg.gov.br\/site\/wp-json\/wp\/v2\/media?parent=13001"}],"curies":[{"name":"wp","href":"https:\/\/api.w.org\/{rel}","templated":true}]}}