{"id":12940,"date":"2025-01-28T21:10:32","date_gmt":"2025-01-28T21:10:32","guid":{"rendered":"https:\/\/datas.mg.gov.br\/site\/?page_id=12940"},"modified":"2025-02-06T03:24:57","modified_gmt":"2025-02-06T03:24:57","slug":"fazenda","status":"publish","type":"page","link":"https:\/\/datas.mg.gov.br\/site\/fazenda\/","title":{"rendered":"Secretaria de Fazenda"},"content":{"rendered":"\t\t<div data-elementor-type=\"wp-page\" data-elementor-id=\"12940\" class=\"elementor elementor-12940\">\n\t\t\t\t\t\t<section class=\"elementor-section elementor-top-section elementor-element elementor-element-e6e7cea elementor-section-boxed elementor-section-height-default elementor-section-height-default\" data-id=\"e6e7cea\" data-element_type=\"section\">\n\t\t\t\t\t\t<div class=\"elementor-container elementor-column-gap-default\">\n\t\t\t\t\t<div class=\"elementor-column elementor-col-100 elementor-top-column elementor-element elementor-element-00b4954\" data-id=\"00b4954\" data-element_type=\"column\">\n\t\t\t<div class=\"elementor-widget-wrap elementor-element-populated\">\n\t\t\t\t\t\t<div class=\"elementor-element elementor-element-8e078e5 elementor-widget elementor-widget-html\" data-id=\"8e078e5\" data-element_type=\"widget\" data-widget_type=\"html.default\">\n\t\t\t\t<div class=\"elementor-widget-container\">\n\t\t\t<!DOCTYPE html>\n<html lang=\"en\">\n<head>\n  <meta charset=\"UTF-8\">\n  <meta name=\"viewport\" content=\"width=device-width, initial-scale=1.0\">\n  <title>Secretaria de Finan\u00e7as<\/title>\n  <style>\n    body {\n      font-family: Arial, sans-serif;\n      line-height: 1.6;\n      margin: 0;\n      padding: 0;\n      background-color: #f9f9f9;\n      color: #333;\n    }\n\n    .container {\n      max-width: 800px;\n      margin: 0 auto;\n      padding: 20px;\n    }\n\n    h1 {\n      text-align: center;\n      margin-bottom: 30px;\n    }\n\n    .info-card {\n      opacity: 0;\n      transform: translateY(20px);\n      transition: opacity 0.6s ease, transform 0.6s ease;\n      margin-bottom: 20px;\n      background: #fff;\n      padding: 15px;\n      border-radius: 8px;\n      box-shadow: 0 4px 6px rgba(0, 0, 0, 0.1);\n    }\n\n    .info-card.visible {\n      opacity: 1;\n      transform: translateY(0);\n    }\n\n    .topic {\n      opacity: 0;\n      transform: translateY(20px);\n      transition: opacity 0.6s ease, transform 0.6s ease;\n      margin-bottom: 20px;\n      background: #fff;\n      padding: 15px;\n      border-radius: 8px;\n      box-shadow: 0 4px 6px rgba(0, 0, 0, 0.1);\n    }\n\n    .topic.visible {\n      opacity: 1;\n      transform: translateY(0);\n    }\n  <\/style>\n<\/head>\n<body>\n  <div class=\"container\">\n    <div class=\"info-card\">\n      <p><strong>Endere\u00e7o:<\/strong> Pra\u00e7a do Divino Esp\u00edrito Santo, 10 - Centro<\/p>\n      <p><strong>CEP:<\/strong> 39-130-000 \u2013 DATAS \u2013 MG<\/p>\n      <p><strong>Telefone:<\/strong> (38) 3535-1121<\/p>\n    <\/div>\n    \n    <div class=\"topic\">Gerenciar a arrecada\u00e7\u00e3o de tributos municipais, assegurando o cumprimento das obriga\u00e7\u00f5es fiscais.<\/div>\n    <div class=\"topic\">Elaborar e acompanhar o or\u00e7amento anual, garantindo o equil\u00edbrio entre receitas e despesas p\u00fablicas.<\/div>\n    <div class=\"topic\">Controlar e fiscalizar a aplica\u00e7\u00e3o dos recursos financeiros do munic\u00edpio, promovendo a transpar\u00eancia na gest\u00e3o.<\/div>\n    <div class=\"topic\">Realizar o planejamento tribut\u00e1rio, otimizando a arrecada\u00e7\u00e3o e promovendo justi\u00e7a fiscal.<\/div>\n    <div class=\"topic\">Emitir e acompanhar guias de pagamento de tributos municipais, como IPTU e ISS.<\/div>\n    <div class=\"topic\">Gerenciar a d\u00edvida ativa do munic\u00edpio, buscando a recupera\u00e7\u00e3o de cr\u00e9ditos tribut\u00e1rios e n\u00e3o tribut\u00e1rios.<\/div>\n    <div class=\"topic\">Promover a\u00e7\u00f5es de educa\u00e7\u00e3o fiscal junto \u00e0 popula\u00e7\u00e3o, incentivando a regulariza\u00e7\u00e3o de tributos.<\/div>\n    <div class=\"topic\">Controlar os processos de licita\u00e7\u00e3o e contratos administrativos no \u00e2mbito financeiro.<\/div>\n    <div class=\"topic\">Monitorar e realizar a presta\u00e7\u00e3o de contas aos \u00f3rg\u00e3os de controle interno e externo.<\/div>\n    <div class=\"topic\">Garantir o funcionamento eficiente do sistema financeiro do munic\u00edpio, promovendo a sustentabilidade econ\u00f4mica.<\/div>\n  <\/div>\n\n  <script>\n    document.addEventListener('DOMContentLoaded', () => {\n      const infoCard = document.querySelector('.info-card');\n      const topics = document.querySelectorAll('.topic');\n\n      const observer = new IntersectionObserver(entries => {\n        entries.forEach(entry => {\n          if (entry.isIntersecting) {\n            entry.target.classList.add('visible');\n          }\n        });\n      }, { threshold: 0.1 });\n\n      observer.observe(infoCard);\n      topics.forEach(topic => observer.observe(topic));\n    });\n  <\/script>\n<\/body>\n<\/html>\n\t\t<\/div>\n\t\t\t\t<\/div>\n\t\t\t\t\t<\/div>\n\t\t<\/div>\n\t\t\t\t\t<\/div>\n\t\t<\/section>\n\t\t\t\t<\/div>\n\t\t","protected":false},"excerpt":{"rendered":"<p>Secretaria de Finan\u00e7as Endere\u00e7o: Pra\u00e7a do Divino Esp\u00edrito Santo, 10 &#8211; Centro CEP: 39-130-000 \u2013 DATAS \u2013 MG Telefone: (38) 3535-1121 Gerenciar a arrecada\u00e7\u00e3o de tributos municipais, assegurando o cumprimento das obriga\u00e7\u00f5es fiscais. Elaborar e acompanhar o or\u00e7amento anual, garantindo o equil\u00edbrio entre receitas e despesas p\u00fablicas. Controlar e fiscalizar a aplica\u00e7\u00e3o dos recursos financeiros [&hellip;]<\/p>\n","protected":false},"author":2,"featured_media":0,"parent":0,"menu_order":0,"comment_status":"closed","ping_status":"closed","template":"","meta":{"footnotes":""},"class_list":["post-12940","page","type-page","status-publish","hentry"],"_links":{"self":[{"href":"https:\/\/datas.mg.gov.br\/site\/wp-json\/wp\/v2\/pages\/12940","targetHints":{"allow":["GET"]}}],"collection":[{"href":"https:\/\/datas.mg.gov.br\/site\/wp-json\/wp\/v2\/pages"}],"about":[{"href":"https:\/\/datas.mg.gov.br\/site\/wp-json\/wp\/v2\/types\/page"}],"author":[{"embeddable":true,"href":"https:\/\/datas.mg.gov.br\/site\/wp-json\/wp\/v2\/users\/2"}],"replies":[{"embeddable":true,"href":"https:\/\/datas.mg.gov.br\/site\/wp-json\/wp\/v2\/comments?post=12940"}],"version-history":[{"count":8,"href":"https:\/\/datas.mg.gov.br\/site\/wp-json\/wp\/v2\/pages\/12940\/revisions"}],"predecessor-version":[{"id":13170,"href":"https:\/\/datas.mg.gov.br\/site\/wp-json\/wp\/v2\/pages\/12940\/revisions\/13170"}],"wp:attachment":[{"href":"https:\/\/datas.mg.gov.br\/site\/wp-json\/wp\/v2\/media?parent=12940"}],"curies":[{"name":"wp","href":"https:\/\/api.w.org\/{rel}","templated":true}]}}